{"id":834,"date":"2023-07-13T10:50:41","date_gmt":"2023-07-13T10:50:41","guid":{"rendered":"https:\/\/bistrodeljardin.com\/menue\/"},"modified":"2026-03-12T15:35:18","modified_gmt":"2026-03-12T15:35:18","slug":"menue","status":"publish","type":"page","link":"https:\/\/bistrodeljardin.com\/de\/menue\/","title":{"rendered":"Men\u00fc"},"content":{"rendered":"\t\t<div data-elementor-type=\"wp-post\" data-elementor-id=\"834\" class=\"elementor elementor-834 elementor-555\" data-elementor-post-type=\"page\">\n\t\t\t\t\t\t<section class=\"elementor-section elementor-top-section elementor-element elementor-element-4b75af4 elementor-section-full_width elementor-section-height-min-height elementor-section-height-default elementor-section-items-middle\" data-id=\"4b75af4\" data-element_type=\"section\" data-e-type=\"section\" data-settings=\"{&quot;background_background&quot;:&quot;classic&quot;}\">\n\t\t\t\t\t\t\t<div class=\"elementor-background-overlay\"><\/div>\n\t\t\t\t\t\t\t<div class=\"elementor-container elementor-column-gap-default\">\n\t\t\t\t\t<div class=\"elementor-column elementor-col-100 elementor-top-column elementor-element elementor-element-77be442\" data-id=\"77be442\" data-element_type=\"column\" data-e-type=\"column\">\n\t\t\t<div class=\"elementor-widget-wrap elementor-element-populated\">\n\t\t\t\t\t\t<div class=\"elementor-element elementor-element-31b3fd4 elementor-widget elementor-widget-heading\" data-id=\"31b3fd4\" data-element_type=\"widget\" data-e-type=\"widget\" data-widget_type=\"heading.default\">\n\t\t\t\t<div class=\"elementor-widget-container\">\n\t\t\t\t\t<h1 class=\"elementor-heading-title elementor-size-default\">MEN\u00dc<\/h1>\t\t\t\t<\/div>\n\t\t\t\t<\/div>\n\t\t\t\t\t<\/div>\n\t\t<\/div>\n\t\t\t\t\t<\/div>\n\t\t<\/section>\n\t\t\t\t<section class=\"elementor-section elementor-top-section elementor-element elementor-element-179754c elementor-section-full_width elementor-section-height-default elementor-section-height-default\" data-id=\"179754c\" data-element_type=\"section\" data-e-type=\"section\">\n\t\t\t\t\t\t<div class=\"elementor-container elementor-column-gap-default\">\n\t\t\t\t\t<div class=\"elementor-column elementor-col-100 elementor-top-column elementor-element elementor-element-904f23c\" data-id=\"904f23c\" data-element_type=\"column\" data-e-type=\"column\">\n\t\t\t<div class=\"elementor-widget-wrap elementor-element-populated\">\n\t\t\t\t\t\t<div class=\"elementor-element elementor-element-1b05993 elementor-widget elementor-widget-heading\" data-id=\"1b05993\" data-element_type=\"widget\" data-e-type=\"widget\" data-widget_type=\"heading.default\">\n\t\t\t\t<div class=\"elementor-widget-container\">\n\t\t\t\t\t<h2 class=\"elementor-heading-title elementor-size-default\">Restaurante Jard\u00edn<\/h2>\t\t\t\t<\/div>\n\t\t\t\t<\/div>\n\t\t\t\t<div class=\"elementor-element elementor-element-56f70d7 elementor-widget elementor-widget-text-editor\" data-id=\"56f70d7\" data-element_type=\"widget\" data-e-type=\"widget\" data-widget_type=\"text-editor.default\">\n\t\t\t\t<div class=\"elementor-widget-container\">\n\t\t\t\t\t\t\t\t\t<p>Restaurant Jard\u00edn ist ein Ort zum Genie\u00dfen, sich zu entspannen und sich mitrei\u00dfen zu lassen von der mediterranen Tradition und der a14&gt; Liebe f\u00fcr die Dinge gut gemacht. <br>Es bietet eine K\u00fcche ehrlich und lecker, konzipiert zum Teilen in der Familie oder unter Freunden: klassische Saucen, Gerichte gekocht bei Feuer langsam, Fleisch zu la Glut, Fisch frisch, ausgew\u00e4hlte Fleischst\u00fccke und Desserts die eine Hommage an die a48&gt; gro\u00dfen Schule der Nouvelle Cuisine des 19. Jahrhunderts.<\/p><p>Im Speisesaal zeichnet sich das Team durch seine N\u00e4he und Liebe zum Detail aus, Es f\u00fchrt den Gast mit Wissen und Freundlichkeit durch jedes Gericht.<br>Alles findet in einer gepflegten Umgebung statt: elegantes Mobiliar, hochwertiges Geschirr, ged\u00e4mpftes Licht und eine heitere Atmosph\u00e4re , die jeden Besuch zu einem jeden Besuch zu einem vollst\u00e4ndigen gastronomischen Erlebnis macht.<\/p>\t\t\t\t\t\t\t\t<\/div>\n\t\t\t\t<\/div>\n\t\t\t\t<section class=\"elementor-section elementor-inner-section elementor-element elementor-element-b8d4c10 elementor-section-boxed elementor-section-height-default elementor-section-height-default\" data-id=\"b8d4c10\" data-element_type=\"section\" data-e-type=\"section\">\n\t\t\t\t\t\t<div class=\"elementor-container elementor-column-gap-default\">\n\t\t\t\t\t<div class=\"elementor-column elementor-col-50 elementor-inner-column elementor-element elementor-element-aa33f51\" data-id=\"aa33f51\" data-element_type=\"column\" data-e-type=\"column\">\n\t\t\t<div class=\"elementor-widget-wrap elementor-element-populated\">\n\t\t\t\t\t\t<div class=\"elementor-element elementor-element-886666c elementor-align-justify elementor-mobile-align-justify elementor-widget elementor-widget-global elementor-global-850 elementor-global-715 elementor-widget-button\" data-id=\"886666c\" data-element_type=\"widget\" data-e-type=\"widget\" data-widget_type=\"button.default\">\n\t\t\t\t<div class=\"elementor-widget-container\">\n\t\t\t\t\t\t\t\t\t<div class=\"elementor-button-wrapper\">\n\t\t\t\t\t<a class=\"elementor-button elementor-button-link elementor-size-md\" href=\"https:\/\/bistrodeljardin.com\/wp-content\/uploads\/2025\/09\/GDC-CARTA-JARDIN-BISTRO-OTONO-2025.pdf\" target=\"_blank\">\n\t\t\t\t\t\t<span class=\"elementor-button-content-wrapper\">\n\t\t\t\t\t\t\t\t\t<span class=\"elementor-button-text\">MEN\u00dc<\/span>\n\t\t\t\t\t<\/span>\n\t\t\t\t\t<\/a>\n\t\t\t\t<\/div>\n\t\t\t\t\t\t\t\t<\/div>\n\t\t\t\t<\/div>\n\t\t\t\t\t<\/div>\n\t\t<\/div>\n\t\t\t\t<div class=\"elementor-column elementor-col-50 elementor-inner-column elementor-element elementor-element-1ae174f\" data-id=\"1ae174f\" data-element_type=\"column\" data-e-type=\"column\">\n\t\t\t<div class=\"elementor-widget-wrap elementor-element-populated\">\n\t\t\t\t\t\t<div class=\"elementor-element elementor-element-2aef584 elementor-align-justify elementor-widget elementor-widget-global elementor-global-1344 elementor-global-940 elementor-widget-button\" data-id=\"2aef584\" data-element_type=\"widget\" data-e-type=\"widget\" data-widget_type=\"button.default\">\n\t\t\t\t<div class=\"elementor-widget-container\">\n\t\t\t\t\t\t\t\t\t<div class=\"elementor-button-wrapper\">\n\t\t\t\t\t<a class=\"elementor-button elementor-button-link elementor-size-md\" href=\"https:\/\/bistrodeljardin.com\/wp-content\/uploads\/2025\/09\/GDC-POSTRES-BISTRO-OTONO-2025-v2.pdf\" target=\"_blank\">\n\t\t\t\t\t\t<span class=\"elementor-button-content-wrapper\">\n\t\t\t\t\t\t\t\t\t<span class=\"elementor-button-text\">DESSERTS<\/span>\n\t\t\t\t\t<\/span>\n\t\t\t\t\t<\/a>\n\t\t\t\t<\/div>\n\t\t\t\t\t\t\t\t<\/div>\n\t\t\t\t<\/div>\n\t\t\t\t\t<\/div>\n\t\t<\/div>\n\t\t\t\t\t<\/div>\n\t\t<\/section>\n\t\t\t\t\t<\/div>\n\t\t<\/div>\n\t\t\t\t\t<\/div>\n\t\t<\/section>\n\t\t\t\t<section class=\"elementor-section elementor-top-section elementor-element elementor-element-caa6492 elementor-section-full_width elementor-section-height-default elementor-section-height-default\" data-id=\"caa6492\" data-element_type=\"section\" data-e-type=\"section\">\n\t\t\t\t\t\t<div class=\"elementor-container elementor-column-gap-default\">\n\t\t\t\t\t<div class=\"elementor-column elementor-col-100 elementor-top-column elementor-element elementor-element-c6e4a1c\" data-id=\"c6e4a1c\" data-element_type=\"column\" data-e-type=\"column\">\n\t\t\t<div class=\"elementor-widget-wrap elementor-element-populated\">\n\t\t\t\t\t\t<div class=\"elementor-element elementor-element-d6f1e89 gallery-spacing-custom elementor-widget elementor-widget-image-gallery\" data-id=\"d6f1e89\" data-element_type=\"widget\" data-e-type=\"widget\" data-widget_type=\"image-gallery.default\">\n\t\t\t\t<div class=\"elementor-widget-container\">\n\t\t\t\t\t\t\t<div class=\"elementor-image-gallery\">\n\t\t\t<div id='gallery-1' class='gallery galleryid-834 gallery-columns-3 gallery-size-full'><figure class='gallery-item'>\n\t\t\t<div class='gallery-icon landscape'>\n\t\t\t\t<a data-elementor-open-lightbox=\"yes\" data-elementor-lightbox-slideshow=\"d6f1e89\" data-elementor-lightbox-title=\"WhatsApp Image 2026-03-05 at 12.21.39\" data-e-action-hash=\"#elementor-action%3Aaction%3Dlightbox%26settings%3DeyJpZCI6MTczNywidXJsIjoiaHR0cHM6XC9cL2Jpc3Ryb2RlbGphcmRpbi5jb21cL3dwLWNvbnRlbnRcL3VwbG9hZHNcLzIwMjZcLzAzXC9XaGF0c0FwcC1JbWFnZS0yMDI2LTAzLTA1LWF0LTEyLjIxLjM5LmpwZWciLCJzbGlkZXNob3ciOiJkNmYxZTg5In0%3D\" href='https:\/\/bistrodeljardin.com\/wp-content\/uploads\/2026\/03\/WhatsApp-Image-2026-03-05-at-12.21.39.jpeg'><img fetchpriority=\"high\" decoding=\"async\" width=\"1600\" height=\"1067\" src=\"https:\/\/bistrodeljardin.com\/wp-content\/uploads\/2026\/03\/WhatsApp-Image-2026-03-05-at-12.21.39.jpeg\" class=\"attachment-full size-full\" alt=\"\" srcset=\"https:\/\/bistrodeljardin.com\/wp-content\/uploads\/2026\/03\/WhatsApp-Image-2026-03-05-at-12.21.39.jpeg 1600w, https:\/\/bistrodeljardin.com\/wp-content\/uploads\/2026\/03\/WhatsApp-Image-2026-03-05-at-12.21.39-300x200.jpeg 300w, https:\/\/bistrodeljardin.com\/wp-content\/uploads\/2026\/03\/WhatsApp-Image-2026-03-05-at-12.21.39-1024x683.jpeg 1024w, https:\/\/bistrodeljardin.com\/wp-content\/uploads\/2026\/03\/WhatsApp-Image-2026-03-05-at-12.21.39-768x512.jpeg 768w, https:\/\/bistrodeljardin.com\/wp-content\/uploads\/2026\/03\/WhatsApp-Image-2026-03-05-at-12.21.39-1536x1024.jpeg 1536w\" sizes=\"(max-width: 1600px) 100vw, 1600px\" \/><\/a>\n\t\t\t<\/div><\/figure><figure class='gallery-item'>\n\t\t\t<div class='gallery-icon landscape'>\n\t\t\t\t<a data-elementor-open-lightbox=\"yes\" data-elementor-lightbox-slideshow=\"d6f1e89\" data-elementor-lightbox-title=\"PHOTO-2026-03-05-12-37-34\" data-e-action-hash=\"#elementor-action%3Aaction%3Dlightbox%26settings%3DeyJpZCI6MTczOCwidXJsIjoiaHR0cHM6XC9cL2Jpc3Ryb2RlbGphcmRpbi5jb21cL3dwLWNvbnRlbnRcL3VwbG9hZHNcLzIwMjZcLzAzXC9QSE9UTy0yMDI2LTAzLTA1LTEyLTM3LTM0LmpwZyIsInNsaWRlc2hvdyI6ImQ2ZjFlODkifQ%3D%3D\" href='https:\/\/bistrodeljardin.com\/wp-content\/uploads\/2026\/03\/PHOTO-2026-03-05-12-37-34.jpg'><img decoding=\"async\" width=\"1600\" height=\"1067\" src=\"https:\/\/bistrodeljardin.com\/wp-content\/uploads\/2026\/03\/PHOTO-2026-03-05-12-37-34.jpg\" class=\"attachment-full size-full\" alt=\"\" srcset=\"https:\/\/bistrodeljardin.com\/wp-content\/uploads\/2026\/03\/PHOTO-2026-03-05-12-37-34.jpg 1600w, https:\/\/bistrodeljardin.com\/wp-content\/uploads\/2026\/03\/PHOTO-2026-03-05-12-37-34-300x200.jpg 300w, https:\/\/bistrodeljardin.com\/wp-content\/uploads\/2026\/03\/PHOTO-2026-03-05-12-37-34-1024x683.jpg 1024w, https:\/\/bistrodeljardin.com\/wp-content\/uploads\/2026\/03\/PHOTO-2026-03-05-12-37-34-768x512.jpg 768w, https:\/\/bistrodeljardin.com\/wp-content\/uploads\/2026\/03\/PHOTO-2026-03-05-12-37-34-1536x1024.jpg 1536w\" sizes=\"(max-width: 1600px) 100vw, 1600px\" \/><\/a>\n\t\t\t<\/div><\/figure><figure class='gallery-item'>\n\t\t\t<div class='gallery-icon landscape'>\n\t\t\t\t<a data-elementor-open-lightbox=\"yes\" data-elementor-lightbox-slideshow=\"d6f1e89\" data-elementor-lightbox-title=\"PHOTO-2026-03-05-12-32-09\" data-e-action-hash=\"#elementor-action%3Aaction%3Dlightbox%26settings%3DeyJpZCI6MTc0NywidXJsIjoiaHR0cHM6XC9cL2Jpc3Ryb2RlbGphcmRpbi5jb21cL3dwLWNvbnRlbnRcL3VwbG9hZHNcLzIwMjZcLzAzXC9QSE9UTy0yMDI2LTAzLTA1LTEyLTMyLTA5LmpwZyIsInNsaWRlc2hvdyI6ImQ2ZjFlODkifQ%3D%3D\" href='https:\/\/bistrodeljardin.com\/wp-content\/uploads\/2026\/03\/PHOTO-2026-03-05-12-32-09.jpg'><img decoding=\"async\" width=\"1600\" height=\"1067\" src=\"https:\/\/bistrodeljardin.com\/wp-content\/uploads\/2026\/03\/PHOTO-2026-03-05-12-32-09.jpg\" class=\"attachment-full size-full\" alt=\"\" srcset=\"https:\/\/bistrodeljardin.com\/wp-content\/uploads\/2026\/03\/PHOTO-2026-03-05-12-32-09.jpg 1600w, https:\/\/bistrodeljardin.com\/wp-content\/uploads\/2026\/03\/PHOTO-2026-03-05-12-32-09-300x200.jpg 300w, https:\/\/bistrodeljardin.com\/wp-content\/uploads\/2026\/03\/PHOTO-2026-03-05-12-32-09-1024x683.jpg 1024w, https:\/\/bistrodeljardin.com\/wp-content\/uploads\/2026\/03\/PHOTO-2026-03-05-12-32-09-768x512.jpg 768w, https:\/\/bistrodeljardin.com\/wp-content\/uploads\/2026\/03\/PHOTO-2026-03-05-12-32-09-1536x1024.jpg 1536w\" sizes=\"(max-width: 1600px) 100vw, 1600px\" \/><\/a>\n\t\t\t<\/div><\/figure><figure class='gallery-item'>\n\t\t\t<div class='gallery-icon landscape'>\n\t\t\t\t<a data-elementor-open-lightbox=\"yes\" data-elementor-lightbox-slideshow=\"d6f1e89\" data-elementor-lightbox-title=\"WhatsApp Image 2026-03-05 at 12.21.39 (5)\" data-e-action-hash=\"#elementor-action%3Aaction%3Dlightbox%26settings%3DeyJpZCI6MTc0MCwidXJsIjoiaHR0cHM6XC9cL2Jpc3Ryb2RlbGphcmRpbi5jb21cL3dwLWNvbnRlbnRcL3VwbG9hZHNcLzIwMjZcLzAzXC9XaGF0c0FwcC1JbWFnZS0yMDI2LTAzLTA1LWF0LTEyLjIxLjM5LTUuanBlZyIsInNsaWRlc2hvdyI6ImQ2ZjFlODkifQ%3D%3D\" href='https:\/\/bistrodeljardin.com\/wp-content\/uploads\/2026\/03\/WhatsApp-Image-2026-03-05-at-12.21.39-5.jpeg'><img loading=\"lazy\" decoding=\"async\" width=\"1600\" height=\"1067\" src=\"https:\/\/bistrodeljardin.com\/wp-content\/uploads\/2026\/03\/WhatsApp-Image-2026-03-05-at-12.21.39-5.jpeg\" class=\"attachment-full size-full\" alt=\"\" srcset=\"https:\/\/bistrodeljardin.com\/wp-content\/uploads\/2026\/03\/WhatsApp-Image-2026-03-05-at-12.21.39-5.jpeg 1600w, https:\/\/bistrodeljardin.com\/wp-content\/uploads\/2026\/03\/WhatsApp-Image-2026-03-05-at-12.21.39-5-300x200.jpeg 300w, https:\/\/bistrodeljardin.com\/wp-content\/uploads\/2026\/03\/WhatsApp-Image-2026-03-05-at-12.21.39-5-1024x683.jpeg 1024w, https:\/\/bistrodeljardin.com\/wp-content\/uploads\/2026\/03\/WhatsApp-Image-2026-03-05-at-12.21.39-5-768x512.jpeg 768w, https:\/\/bistrodeljardin.com\/wp-content\/uploads\/2026\/03\/WhatsApp-Image-2026-03-05-at-12.21.39-5-1536x1024.jpeg 1536w\" sizes=\"(max-width: 1600px) 100vw, 1600px\" \/><\/a>\n\t\t\t<\/div><\/figure><figure class='gallery-item'>\n\t\t\t<div class='gallery-icon landscape'>\n\t\t\t\t<a data-elementor-open-lightbox=\"yes\" data-elementor-lightbox-slideshow=\"d6f1e89\" data-elementor-lightbox-title=\"WhatsApp Image 2026-03-05 at 12.21.39 (1)\" data-e-action-hash=\"#elementor-action%3Aaction%3Dlightbox%26settings%3DeyJpZCI6MTc0MSwidXJsIjoiaHR0cHM6XC9cL2Jpc3Ryb2RlbGphcmRpbi5jb21cL3dwLWNvbnRlbnRcL3VwbG9hZHNcLzIwMjZcLzAzXC9XaGF0c0FwcC1JbWFnZS0yMDI2LTAzLTA1LWF0LTEyLjIxLjM5LTEuanBlZyIsInNsaWRlc2hvdyI6ImQ2ZjFlODkifQ%3D%3D\" href='https:\/\/bistrodeljardin.com\/wp-content\/uploads\/2026\/03\/WhatsApp-Image-2026-03-05-at-12.21.39-1.jpeg'><img loading=\"lazy\" decoding=\"async\" width=\"1600\" height=\"1067\" src=\"https:\/\/bistrodeljardin.com\/wp-content\/uploads\/2026\/03\/WhatsApp-Image-2026-03-05-at-12.21.39-1.jpeg\" class=\"attachment-full size-full\" alt=\"\" srcset=\"https:\/\/bistrodeljardin.com\/wp-content\/uploads\/2026\/03\/WhatsApp-Image-2026-03-05-at-12.21.39-1.jpeg 1600w, https:\/\/bistrodeljardin.com\/wp-content\/uploads\/2026\/03\/WhatsApp-Image-2026-03-05-at-12.21.39-1-300x200.jpeg 300w, https:\/\/bistrodeljardin.com\/wp-content\/uploads\/2026\/03\/WhatsApp-Image-2026-03-05-at-12.21.39-1-1024x683.jpeg 1024w, https:\/\/bistrodeljardin.com\/wp-content\/uploads\/2026\/03\/WhatsApp-Image-2026-03-05-at-12.21.39-1-768x512.jpeg 768w, https:\/\/bistrodeljardin.com\/wp-content\/uploads\/2026\/03\/WhatsApp-Image-2026-03-05-at-12.21.39-1-1536x1024.jpeg 1536w\" sizes=\"(max-width: 1600px) 100vw, 1600px\" \/><\/a>\n\t\t\t<\/div><\/figure><figure class='gallery-item'>\n\t\t\t<div class='gallery-icon landscape'>\n\t\t\t\t<a data-elementor-open-lightbox=\"yes\" data-elementor-lightbox-slideshow=\"d6f1e89\" data-elementor-lightbox-title=\"WhatsApp Image 2026-03-05 at 12.21.39 (11)\" data-e-action-hash=\"#elementor-action%3Aaction%3Dlightbox%26settings%3DeyJpZCI6MTc0MiwidXJsIjoiaHR0cHM6XC9cL2Jpc3Ryb2RlbGphcmRpbi5jb21cL3dwLWNvbnRlbnRcL3VwbG9hZHNcLzIwMjZcLzAzXC9XaGF0c0FwcC1JbWFnZS0yMDI2LTAzLTA1LWF0LTEyLjIxLjM5LTExLmpwZWciLCJzbGlkZXNob3ciOiJkNmYxZTg5In0%3D\" href='https:\/\/bistrodeljardin.com\/wp-content\/uploads\/2026\/03\/WhatsApp-Image-2026-03-05-at-12.21.39-11.jpeg'><img loading=\"lazy\" decoding=\"async\" width=\"1600\" height=\"1067\" src=\"https:\/\/bistrodeljardin.com\/wp-content\/uploads\/2026\/03\/WhatsApp-Image-2026-03-05-at-12.21.39-11.jpeg\" class=\"attachment-full size-full\" alt=\"\" srcset=\"https:\/\/bistrodeljardin.com\/wp-content\/uploads\/2026\/03\/WhatsApp-Image-2026-03-05-at-12.21.39-11.jpeg 1600w, https:\/\/bistrodeljardin.com\/wp-content\/uploads\/2026\/03\/WhatsApp-Image-2026-03-05-at-12.21.39-11-300x200.jpeg 300w, https:\/\/bistrodeljardin.com\/wp-content\/uploads\/2026\/03\/WhatsApp-Image-2026-03-05-at-12.21.39-11-1024x683.jpeg 1024w, https:\/\/bistrodeljardin.com\/wp-content\/uploads\/2026\/03\/WhatsApp-Image-2026-03-05-at-12.21.39-11-768x512.jpeg 768w, https:\/\/bistrodeljardin.com\/wp-content\/uploads\/2026\/03\/WhatsApp-Image-2026-03-05-at-12.21.39-11-1536x1024.jpeg 1536w\" sizes=\"(max-width: 1600px) 100vw, 1600px\" \/><\/a>\n\t\t\t<\/div><\/figure><figure class='gallery-item'>\n\t\t\t<div class='gallery-icon landscape'>\n\t\t\t\t<a data-elementor-open-lightbox=\"yes\" data-elementor-lightbox-slideshow=\"d6f1e89\" data-elementor-lightbox-title=\"WhatsApp Image 2026-03-05 at 12.21.39 (2)\" data-e-action-hash=\"#elementor-action%3Aaction%3Dlightbox%26settings%3DeyJpZCI6MTc0MywidXJsIjoiaHR0cHM6XC9cL2Jpc3Ryb2RlbGphcmRpbi5jb21cL3dwLWNvbnRlbnRcL3VwbG9hZHNcLzIwMjZcLzAzXC9XaGF0c0FwcC1JbWFnZS0yMDI2LTAzLTA1LWF0LTEyLjIxLjM5LTIuanBlZyIsInNsaWRlc2hvdyI6ImQ2ZjFlODkifQ%3D%3D\" href='https:\/\/bistrodeljardin.com\/wp-content\/uploads\/2026\/03\/WhatsApp-Image-2026-03-05-at-12.21.39-2.jpeg'><img loading=\"lazy\" decoding=\"async\" width=\"1600\" height=\"1067\" src=\"https:\/\/bistrodeljardin.com\/wp-content\/uploads\/2026\/03\/WhatsApp-Image-2026-03-05-at-12.21.39-2.jpeg\" class=\"attachment-full size-full\" alt=\"\" srcset=\"https:\/\/bistrodeljardin.com\/wp-content\/uploads\/2026\/03\/WhatsApp-Image-2026-03-05-at-12.21.39-2.jpeg 1600w, https:\/\/bistrodeljardin.com\/wp-content\/uploads\/2026\/03\/WhatsApp-Image-2026-03-05-at-12.21.39-2-300x200.jpeg 300w, https:\/\/bistrodeljardin.com\/wp-content\/uploads\/2026\/03\/WhatsApp-Image-2026-03-05-at-12.21.39-2-1024x683.jpeg 1024w, https:\/\/bistrodeljardin.com\/wp-content\/uploads\/2026\/03\/WhatsApp-Image-2026-03-05-at-12.21.39-2-768x512.jpeg 768w, https:\/\/bistrodeljardin.com\/wp-content\/uploads\/2026\/03\/WhatsApp-Image-2026-03-05-at-12.21.39-2-1536x1024.jpeg 1536w\" sizes=\"(max-width: 1600px) 100vw, 1600px\" \/><\/a>\n\t\t\t<\/div><\/figure><figure class='gallery-item'>\n\t\t\t<div class='gallery-icon landscape'>\n\t\t\t\t<a data-elementor-open-lightbox=\"yes\" data-elementor-lightbox-slideshow=\"d6f1e89\" data-elementor-lightbox-title=\"WhatsApp Image 2026-03-05 at 12.21.39 (10)\" data-e-action-hash=\"#elementor-action%3Aaction%3Dlightbox%26settings%3DeyJpZCI6MTc0NCwidXJsIjoiaHR0cHM6XC9cL2Jpc3Ryb2RlbGphcmRpbi5jb21cL3dwLWNvbnRlbnRcL3VwbG9hZHNcLzIwMjZcLzAzXC9XaGF0c0FwcC1JbWFnZS0yMDI2LTAzLTA1LWF0LTEyLjIxLjM5LTEwLmpwZWciLCJzbGlkZXNob3ciOiJkNmYxZTg5In0%3D\" href='https:\/\/bistrodeljardin.com\/wp-content\/uploads\/2026\/03\/WhatsApp-Image-2026-03-05-at-12.21.39-10.jpeg'><img loading=\"lazy\" decoding=\"async\" width=\"1600\" height=\"1067\" src=\"https:\/\/bistrodeljardin.com\/wp-content\/uploads\/2026\/03\/WhatsApp-Image-2026-03-05-at-12.21.39-10.jpeg\" class=\"attachment-full size-full\" alt=\"\" srcset=\"https:\/\/bistrodeljardin.com\/wp-content\/uploads\/2026\/03\/WhatsApp-Image-2026-03-05-at-12.21.39-10.jpeg 1600w, https:\/\/bistrodeljardin.com\/wp-content\/uploads\/2026\/03\/WhatsApp-Image-2026-03-05-at-12.21.39-10-300x200.jpeg 300w, https:\/\/bistrodeljardin.com\/wp-content\/uploads\/2026\/03\/WhatsApp-Image-2026-03-05-at-12.21.39-10-1024x683.jpeg 1024w, https:\/\/bistrodeljardin.com\/wp-content\/uploads\/2026\/03\/WhatsApp-Image-2026-03-05-at-12.21.39-10-768x512.jpeg 768w, https:\/\/bistrodeljardin.com\/wp-content\/uploads\/2026\/03\/WhatsApp-Image-2026-03-05-at-12.21.39-10-1536x1024.jpeg 1536w\" sizes=\"(max-width: 1600px) 100vw, 1600px\" \/><\/a>\n\t\t\t<\/div><\/figure><figure class='gallery-item'>\n\t\t\t<div class='gallery-icon landscape'>\n\t\t\t\t<a data-elementor-open-lightbox=\"yes\" data-elementor-lightbox-slideshow=\"d6f1e89\" data-elementor-lightbox-title=\"WhatsApp Image 2026-03-05 at 12.21.39 (4)\" data-e-action-hash=\"#elementor-action%3Aaction%3Dlightbox%26settings%3DeyJpZCI6MTc0NSwidXJsIjoiaHR0cHM6XC9cL2Jpc3Ryb2RlbGphcmRpbi5jb21cL3dwLWNvbnRlbnRcL3VwbG9hZHNcLzIwMjZcLzAzXC9XaGF0c0FwcC1JbWFnZS0yMDI2LTAzLTA1LWF0LTEyLjIxLjM5LTQuanBlZyIsInNsaWRlc2hvdyI6ImQ2ZjFlODkifQ%3D%3D\" href='https:\/\/bistrodeljardin.com\/wp-content\/uploads\/2026\/03\/WhatsApp-Image-2026-03-05-at-12.21.39-4.jpeg'><img loading=\"lazy\" decoding=\"async\" width=\"1600\" height=\"1067\" src=\"https:\/\/bistrodeljardin.com\/wp-content\/uploads\/2026\/03\/WhatsApp-Image-2026-03-05-at-12.21.39-4.jpeg\" class=\"attachment-full size-full\" alt=\"\" srcset=\"https:\/\/bistrodeljardin.com\/wp-content\/uploads\/2026\/03\/WhatsApp-Image-2026-03-05-at-12.21.39-4.jpeg 1600w, https:\/\/bistrodeljardin.com\/wp-content\/uploads\/2026\/03\/WhatsApp-Image-2026-03-05-at-12.21.39-4-300x200.jpeg 300w, https:\/\/bistrodeljardin.com\/wp-content\/uploads\/2026\/03\/WhatsApp-Image-2026-03-05-at-12.21.39-4-1024x683.jpeg 1024w, https:\/\/bistrodeljardin.com\/wp-content\/uploads\/2026\/03\/WhatsApp-Image-2026-03-05-at-12.21.39-4-768x512.jpeg 768w, https:\/\/bistrodeljardin.com\/wp-content\/uploads\/2026\/03\/WhatsApp-Image-2026-03-05-at-12.21.39-4-1536x1024.jpeg 1536w\" sizes=\"(max-width: 1600px) 100vw, 1600px\" \/><\/a>\n\t\t\t<\/div><\/figure>\n\t\t<\/div>\n\t\t<\/div>\n\t\t\t\t\t\t<\/div>\n\t\t\t\t<\/div>\n\t\t\t\t\t<\/div>\n\t\t<\/div>\n\t\t\t\t\t<\/div>\n\t\t<\/section>\n\t\t\t\t<section class=\"elementor-section elementor-top-section elementor-element elementor-element-325d1ff elementor-section-boxed elementor-section-height-default elementor-section-height-default\" data-id=\"325d1ff\" data-element_type=\"section\" data-e-type=\"section\" data-settings=\"{&quot;background_background&quot;:&quot;classic&quot;}\">\n\t\t\t\t\t\t<div class=\"elementor-container elementor-column-gap-default\">\n\t\t\t\t\t<div class=\"elementor-column elementor-col-100 elementor-top-column elementor-element elementor-element-ae7937b\" data-id=\"ae7937b\" data-element_type=\"column\" data-e-type=\"column\">\n\t\t\t<div class=\"elementor-widget-wrap elementor-element-populated\">\n\t\t\t\t\t\t<div class=\"elementor-element elementor-element-c1c927c elementor-widget elementor-widget-spacer\" data-id=\"c1c927c\" data-element_type=\"widget\" data-e-type=\"widget\" data-widget_type=\"spacer.default\">\n\t\t\t\t<div class=\"elementor-widget-container\">\n\t\t\t\t\t\t\t<div class=\"elementor-spacer\">\n\t\t\t<div class=\"elementor-spacer-inner\"><\/div>\n\t\t<\/div>\n\t\t\t\t\t\t<\/div>\n\t\t\t\t<\/div>\n\t\t\t\t\t<\/div>\n\t\t<\/div>\n\t\t\t\t\t<\/div>\n\t\t<\/section>\n\t\t\t\t<\/div>\n\t\t","protected":false},"excerpt":{"rendered":"<p>MEN\u00dc Restaurante Jard\u00edn Restaurant Jard\u00edn ist ein Ort zum Genie\u00dfen, sich zu entspannen und sich mitrei\u00dfen zu lassen von der mediterranen Tradition und der a14&gt; Liebe f\u00fcr die Dinge gut gemacht. Es bietet eine K\u00fcche ehrlich und lecker, konzipiert zum Teilen in der Familie oder unter Freunden: klassische Saucen, Gerichte gekocht bei Feuer langsam, Fleisch [&hellip;]<\/p>\n","protected":false},"author":1,"featured_media":0,"parent":0,"menu_order":0,"comment_status":"closed","ping_status":"closed","template":"","meta":{"footnotes":""},"class_list":["post-834","page","type-page","status-publish","hentry"],"_links":{"self":[{"href":"https:\/\/bistrodeljardin.com\/de\/wp-json\/wp\/v2\/pages\/834","targetHints":{"allow":["GET"]}}],"collection":[{"href":"https:\/\/bistrodeljardin.com\/de\/wp-json\/wp\/v2\/pages"}],"about":[{"href":"https:\/\/bistrodeljardin.com\/de\/wp-json\/wp\/v2\/types\/page"}],"author":[{"embeddable":true,"href":"https:\/\/bistrodeljardin.com\/de\/wp-json\/wp\/v2\/users\/1"}],"replies":[{"embeddable":true,"href":"https:\/\/bistrodeljardin.com\/de\/wp-json\/wp\/v2\/comments?post=834"}],"version-history":[{"count":11,"href":"https:\/\/bistrodeljardin.com\/de\/wp-json\/wp\/v2\/pages\/834\/revisions"}],"predecessor-version":[{"id":1748,"href":"https:\/\/bistrodeljardin.com\/de\/wp-json\/wp\/v2\/pages\/834\/revisions\/1748"}],"wp:attachment":[{"href":"https:\/\/bistrodeljardin.com\/de\/wp-json\/wp\/v2\/media?parent=834"}],"curies":[{"name":"wp","href":"https:\/\/api.w.org\/{rel}","templated":true}]}}